{"id":8,"date":"2019-05-18T18:18:40","date_gmt":"2019-05-18T16:18:40","guid":{"rendered":"http:\/\/faur.pro\/?page_id=8"},"modified":"2026-01-17T23:02:51","modified_gmt":"2026-01-17T22:02:51","slug":"accueil","status":"publish","type":"page","link":"https:\/\/faur.pro\/index.php\/accueil\/","title":{"rendered":"Accueil"},"content":{"rendered":"\n<div class=\"wp-block-buttons is-layout-flex wp-block-buttons-is-layout-flex\">\n<div class=\"wp-block-button has-custom-width wp-block-button__width-100 is-style-outline is-style-outline--1\"><a class=\"wp-block-button__link has-black-color has-light-green-cyan-background-color has-text-color has-background wp-element-button\" href=\"https:\/\/user.clicrdv.com\/bertrand-faur\" target=\"_blank\" rel=\"noreferrer noopener\"><strong>Prendre RDV<\/strong><\/a><\/div>\n<\/div>\n\n\n\n<p class=\"has-text-color\" style=\"color:#b60413\">Merci de contacter Mr Bertrand FAUR par t\u00e9l\u00e9phone avant tout 1er RDV (sauf pour le suivi) <strong>sous peine d&rsquo;annulation de votre RDV<\/strong><\/p>\n\n\n\n<p>Praticien &amp; Conseiller Sant\u00e9 \u00e0 Lasseube-Propre,<\/p>\n\n\n\n<p>Bertrand FAUR accueille sur rendez-vous adolescents, adultes, seniors, femmes enceintes ou encore sportifs , il ne prend <strong>pas en charge la p\u00e9diatrique<\/strong>s dans son cabinet situ\u00e9:<\/p>\n\n\n\n<p>1 chemin des 4 Ch\u00eanes ZA Val de Gers 32550 Lasseube-Propre.<\/p>\n\n\n\n<div id=\"ez-toc-container\" class=\"ez-toc-v2_0_82_2 counter-hierarchy ez-toc-counter ez-toc-custom ez-toc-container-direction\">\n<p class=\"ez-toc-title\" style=\"cursor:inherit\">Sommaire<\/p>\n<label for=\"ez-toc-cssicon-toggle-item-69f9fa13d427b\" class=\"ez-toc-cssicon-toggle-label\"><span class=\"\"><span class=\"eztoc-hide\" style=\"display:none;\">Toggle<\/span><span class=\"ez-toc-icon-toggle-span\"><svg style=\"fill: #000000;color:#000000\" xmlns=\"http:\/\/www.w3.org\/2000\/svg\" class=\"list-377408\" width=\"20px\" height=\"20px\" viewBox=\"0 0 24 24\" fill=\"none\"><path d=\"M6 6H4v2h2V6zm14 0H8v2h12V6zM4 11h2v2H4v-2zm16 0H8v2h12v-2zM4 16h2v2H4v-2zm16 0H8v2h12v-2z\" fill=\"currentColor\"><\/path><\/svg><svg style=\"fill: #000000;color:#000000\" class=\"arrow-unsorted-368013\" xmlns=\"http:\/\/www.w3.org\/2000\/svg\" width=\"10px\" height=\"10px\" viewBox=\"0 0 24 24\" version=\"1.2\" baseProfile=\"tiny\"><path d=\"M18.2 9.3l-6.2-6.3-6.2 6.3c-.2.2-.3.4-.3.7s.1.5.3.7c.2.2.4.3.7.3h11c.3 0 .5-.1.7-.3.2-.2.3-.5.3-.7s-.1-.5-.3-.7zM5.8 14.7l6.2 6.3 6.2-6.3c.2-.2.3-.5.3-.7s-.1-.5-.3-.7c-.2-.2-.4-.3-.7-.3h-11c-.3 0-.5.1-.7.3-.2.2-.3.5-.3.7s.1.5.3.7z\"\/><\/svg><\/span><\/span><\/label><input type=\"checkbox\"  id=\"ez-toc-cssicon-toggle-item-69f9fa13d427b\" checked aria-label=\"Toggle\" \/><nav><ul class='ez-toc-list ez-toc-list-level-1 ' ><li class='ez-toc-page-1 ez-toc-heading-level-3'><a class=\"ez-toc-link ez-toc-heading-1\" href=\"https:\/\/faur.pro\/index.php\/accueil\/#Informations_pratiques\" >Informations\npratiques<\/a><\/li><li class='ez-toc-page-1 ez-toc-heading-level-3'><a class=\"ez-toc-link ez-toc-heading-2\" href=\"https:\/\/faur.pro\/index.php\/accueil\/#%C2%AB_Soins_%C2%BB_Proposes\" >\u00ab\u00a0Soins\u00a0\u00bb Propos\u00e9s<\/a><\/li><\/ul><\/nav><\/div>\n<h3 class=\"wp-block-heading\"><span class=\"ez-toc-section\" id=\"Informations_pratiques\"><\/span>Informations\npratiques<span class=\"ez-toc-section-end\"><\/span><\/h3>\n\n\n\n<ul class=\"wp-block-list\">\n<li>Consultation de 33\u20ac \u00e0 120\u20ac<\/li>\n\n\n\n<li>Moyens de paiement accept\u00e9s : esp\u00e8ces, ch\u00e8que, virement<\/li>\n\n\n\n<li>Parking de 5 places dont 1 PMR<\/li>\n\n\n\n<li>Cabinet facilement accessible aux personnes \u00e0 mobilit\u00e9 r\u00e9duite<\/li>\n\n\n\n<li>En plus du fran\u00e7ais, Bertrand FAUR parle anglais et espagnol m\u00e9dical<\/li>\n<\/ul>\n\n\n\n<p>Pensez-bien \u00e0 apporter sa <strong>serviette<\/strong>, les derni\u00e8res radios, les derniers examens m\u00e9dicaux,&#8230;<\/p>\n\n\n\n<p>Bertrand FAUR<\/p>\n\n\n\n<h3 class=\"wp-block-heading\"><span class=\"ez-toc-section\" id=\"%C2%AB_Soins_%C2%BB_Proposes\"><\/span>\u00ab\u00a0Soins\u00a0\u00bb Propos\u00e9s<span class=\"ez-toc-section-end\"><\/span><\/h3>\n\n\n\n<p> (Hors Nomenclature S\u00e9cu = HN): <\/p>\n\n\n\n<ul class=\"wp-block-list\">\n<li><a href=\"https:\/\/user.clicrdv.com\/bertrand-faur\" target=\"_blank\" rel=\"noreferrer noopener\">R\u00e9flexologie Auriculaire &amp; Auriculom\u00e9decine (selon Nogier) (HN).<\/a><\/li>\n\n\n\n<li><a href=\"https:\/\/user.clicrdv.com\/bertrand-faur\" target=\"_blank\" rel=\"noreferrer noopener\">Fasciath\u00e9rapie avec \u00ab\u00a0Fascial Counte<\/a>rstrain\u00ae\u00a0\u00bb : Vasculaire (Veino-Lymphatique &amp; Art\u00e9riel) , capsulo-ligamentaire, os, muscles , tendons, Nerveux (p\u00e9riph\u00e9rique &amp; centrale) &amp; visc\u00e9ral&#8230; HN<\/li>\n\n\n\n<li><a href=\"https:\/\/user.clicrdv.com\/bertrand-faur\" target=\"_blank\" rel=\"noreferrer noopener\">Cupping ou Ventouses<\/a> HN<\/li>\n\n\n\n<li><a href=\"https:\/\/user.clicrdv.com\/bertrand-faur\" target=\"_blank\" rel=\"noreferrer noopener\">Micronutrition DU, Phytoth\u00e9rapie &amp; Aromath\u00e9rapie DU (HN).<\/a><\/li>\n<\/ul>\n","protected":false},"excerpt":{"rendered":"<p>Merci de contacter Mr Bertrand FAUR par t\u00e9l\u00e9phone avant tout 1er RDV (sauf pour le suivi) sous peine d&rsquo;annulation de votre RDV Praticien &amp; Conseiller Sant\u00e9 \u00e0 Lasseube-Propre, Bertrand FAUR accueille sur rendez-vous adolescents, adultes, seniors, femmes enceintes ou encore sportifs , il ne prend pas en charge la p\u00e9diatriques dans son cabinet situ\u00e9: 1 [&hellip;]<\/p>\n","protected":false},"author":1,"featured_media":0,"parent":0,"menu_order":0,"comment_status":"closed","ping_status":"closed","template":"","meta":{"footnotes":""},"class_list":["post-8","page","type-page","status-publish","hentry"],"yoast_head":"<!-- This site is optimized with the Yoast SEO plugin v27.5 - https:\/\/yoast.com\/product\/yoast-seo-wordpress\/ -->\n<title>Accueil - Bertrand FAUR<\/title>\n<meta name=\"robots\" content=\"index, follow, max-snippet:-1, max-image-preview:large, max-video-preview:-1\" \/>\n<link rel=\"canonical\" href=\"https:\/\/faur.pro\/index.php\/accueil\/\" \/>\n<meta property=\"og:locale\" content=\"fr_FR\" \/>\n<meta property=\"og:type\" content=\"article\" \/>\n<meta property=\"og:title\" content=\"Accueil - Bertrand FAUR\" \/>\n<meta property=\"og:description\" content=\"Merci de contacter Mr Bertrand FAUR par t\u00e9l\u00e9phone avant tout 1er RDV (sauf pour le suivi) sous peine d&rsquo;annulation de votre RDV Praticien &amp; Conseiller Sant\u00e9 \u00e0 Lasseube-Propre, Bertrand FAUR accueille sur rendez-vous adolescents, adultes, seniors, femmes enceintes ou encore sportifs , il ne prend pas en charge la p\u00e9diatriques dans son cabinet situ\u00e9: 1 [&hellip;]\" \/>\n<meta property=\"og:url\" content=\"https:\/\/faur.pro\/index.php\/accueil\/\" \/>\n<meta property=\"og:site_name\" content=\"Bertrand FAUR\" \/>\n<meta property=\"article:modified_time\" content=\"2026-01-17T22:02:51+00:00\" \/>\n<meta name=\"twitter:card\" content=\"summary_large_image\" \/>\n<meta name=\"twitter:label1\" content=\"Dur\u00e9e de lecture estim\u00e9e\" \/>\n\t<meta name=\"twitter:data1\" content=\"1 minute\" \/>\n<script type=\"application\/ld+json\" class=\"yoast-schema-graph\">{\"@context\":\"https:\\\/\\\/schema.org\",\"@graph\":[{\"@type\":[\"WebPage\",\"MedicalWebPage\"],\"@id\":\"https:\\\/\\\/faur.pro\\\/index.php\\\/accueil\\\/\",\"url\":\"https:\\\/\\\/faur.pro\\\/index.php\\\/accueil\\\/\",\"name\":\"Accueil - Bertrand FAUR\",\"isPartOf\":{\"@id\":\"https:\\\/\\\/faur.pro\\\/#website\"},\"datePublished\":\"2019-05-18T16:18:40+00:00\",\"dateModified\":\"2026-01-17T22:02:51+00:00\",\"breadcrumb\":{\"@id\":\"https:\\\/\\\/faur.pro\\\/index.php\\\/accueil\\\/#breadcrumb\"},\"inLanguage\":\"fr-FR\",\"potentialAction\":[{\"@type\":\"ReadAction\",\"target\":[\"https:\\\/\\\/faur.pro\\\/index.php\\\/accueil\\\/\"]}]},{\"@type\":\"BreadcrumbList\",\"@id\":\"https:\\\/\\\/faur.pro\\\/index.php\\\/accueil\\\/#breadcrumb\",\"itemListElement\":[{\"@type\":\"ListItem\",\"position\":1,\"name\":\"Accueil\",\"item\":\"https:\\\/\\\/faur.pro\\\/\"},{\"@type\":\"ListItem\",\"position\":2,\"name\":\"Accueil\"}]},{\"@type\":\"WebSite\",\"@id\":\"https:\\\/\\\/faur.pro\\\/#website\",\"url\":\"https:\\\/\\\/faur.pro\\\/\",\"name\":\"Bertrand FAUR\",\"description\":\"Fasciath\u00e9rapie (Fascial Counterstrain\u00a9) &amp; Conseiller Sant\u00e9\",\"potentialAction\":[{\"@type\":\"SearchAction\",\"target\":{\"@type\":\"EntryPoint\",\"urlTemplate\":\"https:\\\/\\\/faur.pro\\\/?s={search_term_string}\"},\"query-input\":{\"@type\":\"PropertyValueSpecification\",\"valueRequired\":true,\"valueName\":\"search_term_string\"}}],\"inLanguage\":\"fr-FR\"}]}<\/script>\n<!-- \/ Yoast SEO plugin. -->","yoast_head_json":{"title":"Accueil - Bertrand FAUR","robots":{"index":"index","follow":"follow","max-snippet":"max-snippet:-1","max-image-preview":"max-image-preview:large","max-video-preview":"max-video-preview:-1"},"canonical":"https:\/\/faur.pro\/index.php\/accueil\/","og_locale":"fr_FR","og_type":"article","og_title":"Accueil - Bertrand FAUR","og_description":"Merci de contacter Mr Bertrand FAUR par t\u00e9l\u00e9phone avant tout 1er RDV (sauf pour le suivi) sous peine d&rsquo;annulation de votre RDV Praticien &amp; Conseiller Sant\u00e9 \u00e0 Lasseube-Propre, Bertrand FAUR accueille sur rendez-vous adolescents, adultes, seniors, femmes enceintes ou encore sportifs , il ne prend pas en charge la p\u00e9diatriques dans son cabinet situ\u00e9: 1 [&hellip;]","og_url":"https:\/\/faur.pro\/index.php\/accueil\/","og_site_name":"Bertrand FAUR","article_modified_time":"2026-01-17T22:02:51+00:00","twitter_card":"summary_large_image","twitter_misc":{"Dur\u00e9e de lecture estim\u00e9e":"1 minute"},"schema":{"@context":"https:\/\/schema.org","@graph":[{"@type":["WebPage","MedicalWebPage"],"@id":"https:\/\/faur.pro\/index.php\/accueil\/","url":"https:\/\/faur.pro\/index.php\/accueil\/","name":"Accueil - Bertrand FAUR","isPartOf":{"@id":"https:\/\/faur.pro\/#website"},"datePublished":"2019-05-18T16:18:40+00:00","dateModified":"2026-01-17T22:02:51+00:00","breadcrumb":{"@id":"https:\/\/faur.pro\/index.php\/accueil\/#breadcrumb"},"inLanguage":"fr-FR","potentialAction":[{"@type":"ReadAction","target":["https:\/\/faur.pro\/index.php\/accueil\/"]}]},{"@type":"BreadcrumbList","@id":"https:\/\/faur.pro\/index.php\/accueil\/#breadcrumb","itemListElement":[{"@type":"ListItem","position":1,"name":"Accueil","item":"https:\/\/faur.pro\/"},{"@type":"ListItem","position":2,"name":"Accueil"}]},{"@type":"WebSite","@id":"https:\/\/faur.pro\/#website","url":"https:\/\/faur.pro\/","name":"Bertrand FAUR","description":"Fasciath\u00e9rapie (Fascial Counterstrain\u00a9) &amp; Conseiller Sant\u00e9","potentialAction":[{"@type":"SearchAction","target":{"@type":"EntryPoint","urlTemplate":"https:\/\/faur.pro\/?s={search_term_string}"},"query-input":{"@type":"PropertyValueSpecification","valueRequired":true,"valueName":"search_term_string"}}],"inLanguage":"fr-FR"}]}},"jetpack_shortlink":"https:\/\/wp.me\/P9rKnb-8","jetpack_sharing_enabled":true,"_links":{"self":[{"href":"https:\/\/faur.pro\/index.php\/wp-json\/wp\/v2\/pages\/8","targetHints":{"allow":["GET"]}}],"collection":[{"href":"https:\/\/faur.pro\/index.php\/wp-json\/wp\/v2\/pages"}],"about":[{"href":"https:\/\/faur.pro\/index.php\/wp-json\/wp\/v2\/types\/page"}],"author":[{"embeddable":true,"href":"https:\/\/faur.pro\/index.php\/wp-json\/wp\/v2\/users\/1"}],"replies":[{"embeddable":true,"href":"https:\/\/faur.pro\/index.php\/wp-json\/wp\/v2\/comments?post=8"}],"version-history":[{"count":7,"href":"https:\/\/faur.pro\/index.php\/wp-json\/wp\/v2\/pages\/8\/revisions"}],"predecessor-version":[{"id":2679,"href":"https:\/\/faur.pro\/index.php\/wp-json\/wp\/v2\/pages\/8\/revisions\/2679"}],"wp:attachment":[{"href":"https:\/\/faur.pro\/index.php\/wp-json\/wp\/v2\/media?parent=8"}],"curies":[{"name":"wp","href":"https:\/\/api.w.org\/{rel}","templated":true}]}}