{"id":351,"date":"2021-10-07T07:50:32","date_gmt":"2021-10-07T05:50:32","guid":{"rendered":"https:\/\/faur.pro\/?page_id=351"},"modified":"2021-10-07T07:50:34","modified_gmt":"2021-10-07T05:50:34","slug":"information-generale-sur-les-fascias-videos","status":"publish","type":"page","link":"https:\/\/faur.pro\/index.php\/information-generale-sur-les-fascias-videos\/","title":{"rendered":"Information g\u00e9n\u00e9rale sur les fascias: vid\u00e9os"},"content":{"rendered":"\n<div id=\"ez-toc-container\" class=\"ez-toc-v2_0_83 counter-hierarchy ez-toc-counter ez-toc-custom ez-toc-container-direction\">\n<p class=\"ez-toc-title\" style=\"cursor:inherit\">Sommaire<\/p>\n<label for=\"ez-toc-cssicon-toggle-item-6a0777d41912b\" class=\"ez-toc-cssicon-toggle-label\"><span class=\"\"><span class=\"eztoc-hide\" style=\"display:none;\">Toggle<\/span><span class=\"ez-toc-icon-toggle-span\"><svg style=\"fill: #000000;color:#000000\" xmlns=\"http:\/\/www.w3.org\/2000\/svg\" class=\"list-377408\" width=\"20px\" height=\"20px\" viewBox=\"0 0 24 24\" fill=\"none\"><path d=\"M6 6H4v2h2V6zm14 0H8v2h12V6zM4 11h2v2H4v-2zm16 0H8v2h12v-2zM4 16h2v2H4v-2zm16 0H8v2h12v-2z\" fill=\"currentColor\"><\/path><\/svg><svg style=\"fill: #000000;color:#000000\" class=\"arrow-unsorted-368013\" xmlns=\"http:\/\/www.w3.org\/2000\/svg\" width=\"10px\" height=\"10px\" viewBox=\"0 0 24 24\" version=\"1.2\" baseProfile=\"tiny\"><path d=\"M18.2 9.3l-6.2-6.3-6.2 6.3c-.2.2-.3.4-.3.7s.1.5.3.7c.2.2.4.3.7.3h11c.3 0 .5-.1.7-.3.2-.2.3-.5.3-.7s-.1-.5-.3-.7zM5.8 14.7l6.2 6.3 6.2-6.3c.2-.2.3-.5.3-.7s-.1-.5-.3-.7c-.2-.2-.4-.3-.7-.3h-11c-.3 0-.5.1-.7.3-.2.2-.3.5-.3.7s.1.5.3.7z\"\/><\/svg><\/span><\/span><\/label><input type=\"checkbox\"  id=\"ez-toc-cssicon-toggle-item-6a0777d41912b\" checked aria-label=\"Toggle\" \/><nav><ul class='ez-toc-list ez-toc-list-level-1 ' ><li class='ez-toc-page-1 ez-toc-heading-level-2'><a class=\"ez-toc-link ez-toc-heading-1\" href=\"https:\/\/faur.pro\/index.php\/information-generale-sur-les-fascias-videos\/#%C2%B7_Video_scientifique_passe_sur_la_chaine_Arte_janvier_2018\" >\u00b7\u00a0\u00a0\u00a0\u00a0\u00a0\u00a0\u00a0\u00a0 Vid\u00e9o scientifique pass\u00e9 sur la cha\u00eene Arte janvier 2018:<\/a><\/li><li class='ez-toc-page-1 ez-toc-heading-level-2'><a class=\"ez-toc-link ez-toc-heading-2\" href=\"https:\/\/faur.pro\/index.php\/information-generale-sur-les-fascias-videos\/#%C2%B7_Video_%C2%AB_Promenade_sous_la_peau_%C2%BB_realise_par_le_Dr_GUIMBERTEAU_Jean-Claude_Chirurgien\" >\u00b7\u00a0\u00a0\u00a0\u00a0\u00a0\u00a0\u00a0\u00a0 Vid\u00e9o \u00ab\u00a0Promenade sous la peau\u00a0\u00bb r\u00e9alis\u00e9 par le Dr GUIMBERTEAU Jean-Claude Chirurgien:<\/a><\/li><\/ul><\/nav><\/div>\n<h2 class=\"wp-block-heading\"><span class=\"ez-toc-section\" id=\"%C2%B7_Video_scientifique_passe_sur_la_chaine_Arte_janvier_2018\"><\/span><strong> \u00b7\u00a0\u00a0\u00a0\u00a0\u00a0\u00a0\u00a0\u00a0 Vid\u00e9o scientifique pass\u00e9 sur la cha\u00eene Arte janvier 2018: <\/strong><span class=\"ez-toc-section-end\"><\/span><\/h2>\n\n\n\n<p>Gros plan sur notre tissu fascial, qui entoure \u00e0 la mani\u00e8re d&rsquo;un bandage \u00e0 la fois dense et irr\u00e9gulier les \u00e9l\u00e9ments composant notre corps : nos organes, nos nerfs, nos art\u00e8res, nos veines, nos ligaments,\u00a0nos \u00a0muscles, nos os.<\/p>\n\n\n\n<p>  Cet organe m\u00e9connu et vital suscite parmi les chercheurs en m\u00e9decine un int\u00e9r\u00eat et un espoir croissants. <\/p>\n\n\n\n<figure class=\"wp-block-embed is-type-video is-provider-youtube wp-block-embed-youtube wp-embed-aspect-16-9 wp-has-aspect-ratio\"><div class=\"wp-block-embed__wrapper\">\n<iframe loading=\"lazy\" title=\"Fascia : Les alli\u00e9s cach\u00e9s de notre organisme\" width=\"500\" height=\"281\" src=\"https:\/\/www.youtube.com\/embed\/vruceY1js5U?feature=oembed\" frameborder=\"0\" allow=\"accelerometer; autoplay; clipboard-write; encrypted-media; gyroscope; picture-in-picture; web-share\" referrerpolicy=\"strict-origin-when-cross-origin\" allowfullscreen><\/iframe>\n<\/div><\/figure>\n\n\n\n<div style=\"height:100px\" aria-hidden=\"true\" class=\"wp-block-spacer\"><\/div>\n\n\n\n<h2 class=\"wp-block-heading\"><span class=\"ez-toc-section\" id=\"%C2%B7_Video_%C2%AB_Promenade_sous_la_peau_%C2%BB_realise_par_le_Dr_GUIMBERTEAU_Jean-Claude_Chirurgien\"><\/span> \u00b7\u00a0\u00a0\u00a0\u00a0\u00a0\u00a0\u00a0\u00a0 Vid\u00e9o \u00ab\u00a0Promenade sous la peau\u00a0\u00bb r\u00e9alis\u00e9 par le Dr GUIMBERTEAU Jean-Claude Chirurgien: <span class=\"ez-toc-section-end\"><\/span><\/h2>\n\n\n\n<figure class=\"wp-block-embed is-type-video is-provider-youtube wp-block-embed-youtube wp-embed-aspect-16-9 wp-has-aspect-ratio\"><div class=\"wp-block-embed__wrapper\">\n<iframe loading=\"lazy\" title=\"promenade sous la peau\" width=\"500\" height=\"281\" src=\"https:\/\/www.youtube.com\/embed\/L5rCuIYlr9o?feature=oembed\" frameborder=\"0\" allow=\"accelerometer; autoplay; clipboard-write; encrypted-media; gyroscope; picture-in-picture; web-share\" referrerpolicy=\"strict-origin-when-cross-origin\" allowfullscreen><\/iframe>\n<\/div><\/figure>\n","protected":false},"excerpt":{"rendered":"<p>\u00b7\u00a0\u00a0\u00a0\u00a0\u00a0\u00a0\u00a0\u00a0 Vid\u00e9o scientifique pass\u00e9 sur la cha\u00eene Arte janvier 2018: Gros plan sur notre tissu fascial, qui entoure \u00e0 la mani\u00e8re d&rsquo;un bandage \u00e0 la fois dense et irr\u00e9gulier les \u00e9l\u00e9ments composant notre corps : nos organes, nos nerfs, nos art\u00e8res, nos veines, nos ligaments,\u00a0nos \u00a0muscles, nos os. Cet organe m\u00e9connu et vital suscite parmi [&hellip;]<\/p>\n","protected":false},"author":1,"featured_media":0,"parent":0,"menu_order":0,"comment_status":"closed","ping_status":"closed","template":"","meta":{"footnotes":""},"class_list":["post-351","page","type-page","status-publish","hentry"],"yoast_head":"<!-- This site is optimized with the Yoast SEO plugin v27.6 - https:\/\/yoast.com\/product\/yoast-seo-wordpress\/ -->\n<title>Information g\u00e9n\u00e9rale sur les fascias: vid\u00e9os - Bertrand FAUR<\/title>\n<meta name=\"robots\" content=\"index, follow, max-snippet:-1, max-image-preview:large, max-video-preview:-1\" \/>\n<link rel=\"canonical\" href=\"https:\/\/faur.pro\/index.php\/information-generale-sur-les-fascias-videos\/\" \/>\n<meta property=\"og:locale\" content=\"fr_FR\" \/>\n<meta property=\"og:type\" content=\"article\" \/>\n<meta property=\"og:title\" content=\"Information g\u00e9n\u00e9rale sur les fascias: vid\u00e9os - Bertrand FAUR\" \/>\n<meta property=\"og:description\" content=\"\u00b7\u00a0\u00a0\u00a0\u00a0\u00a0\u00a0\u00a0\u00a0 Vid\u00e9o scientifique pass\u00e9 sur la cha\u00eene Arte janvier 2018: Gros plan sur notre tissu fascial, qui entoure \u00e0 la mani\u00e8re d&rsquo;un bandage \u00e0 la fois dense et irr\u00e9gulier les \u00e9l\u00e9ments composant notre corps : nos organes, nos nerfs, nos art\u00e8res, nos veines, nos ligaments,\u00a0nos \u00a0muscles, nos os. Cet organe m\u00e9connu et vital suscite parmi [&hellip;]\" \/>\n<meta property=\"og:url\" content=\"https:\/\/faur.pro\/index.php\/information-generale-sur-les-fascias-videos\/\" \/>\n<meta property=\"og:site_name\" content=\"Bertrand FAUR\" \/>\n<meta property=\"article:modified_time\" content=\"2021-10-07T05:50:34+00:00\" \/>\n<meta name=\"twitter:card\" content=\"summary_large_image\" \/>\n<script type=\"application\/ld+json\" class=\"yoast-schema-graph\">{\"@context\":\"https:\\\/\\\/schema.org\",\"@graph\":[{\"@type\":[\"WebPage\",\"MedicalWebPage\"],\"@id\":\"https:\\\/\\\/faur.pro\\\/index.php\\\/information-generale-sur-les-fascias-videos\\\/\",\"url\":\"https:\\\/\\\/faur.pro\\\/index.php\\\/information-generale-sur-les-fascias-videos\\\/\",\"name\":\"Information g\u00e9n\u00e9rale sur les fascias: vid\u00e9os - Bertrand FAUR\",\"isPartOf\":{\"@id\":\"https:\\\/\\\/faur.pro\\\/#website\"},\"datePublished\":\"2021-10-07T05:50:32+00:00\",\"dateModified\":\"2021-10-07T05:50:34+00:00\",\"breadcrumb\":{\"@id\":\"https:\\\/\\\/faur.pro\\\/index.php\\\/information-generale-sur-les-fascias-videos\\\/#breadcrumb\"},\"inLanguage\":\"fr-FR\",\"potentialAction\":[{\"@type\":\"ReadAction\",\"target\":[\"https:\\\/\\\/faur.pro\\\/index.php\\\/information-generale-sur-les-fascias-videos\\\/\"]}]},{\"@type\":\"BreadcrumbList\",\"@id\":\"https:\\\/\\\/faur.pro\\\/index.php\\\/information-generale-sur-les-fascias-videos\\\/#breadcrumb\",\"itemListElement\":[{\"@type\":\"ListItem\",\"position\":1,\"name\":\"Accueil\",\"item\":\"https:\\\/\\\/faur.pro\\\/\"},{\"@type\":\"ListItem\",\"position\":2,\"name\":\"Information g\u00e9n\u00e9rale sur les fascias: vid\u00e9os\"}]},{\"@type\":\"WebSite\",\"@id\":\"https:\\\/\\\/faur.pro\\\/#website\",\"url\":\"https:\\\/\\\/faur.pro\\\/\",\"name\":\"Bertrand FAUR\",\"description\":\"Fasciath\u00e9rapie (Fascial Counterstrain\u00a9) &amp; Conseiller Sant\u00e9\",\"potentialAction\":[{\"@type\":\"SearchAction\",\"target\":{\"@type\":\"EntryPoint\",\"urlTemplate\":\"https:\\\/\\\/faur.pro\\\/?s={search_term_string}\"},\"query-input\":{\"@type\":\"PropertyValueSpecification\",\"valueRequired\":true,\"valueName\":\"search_term_string\"}}],\"inLanguage\":\"fr-FR\"}]}<\/script>\n<!-- \/ Yoast SEO plugin. -->","yoast_head_json":{"title":"Information g\u00e9n\u00e9rale sur les fascias: vid\u00e9os - Bertrand FAUR","robots":{"index":"index","follow":"follow","max-snippet":"max-snippet:-1","max-image-preview":"max-image-preview:large","max-video-preview":"max-video-preview:-1"},"canonical":"https:\/\/faur.pro\/index.php\/information-generale-sur-les-fascias-videos\/","og_locale":"fr_FR","og_type":"article","og_title":"Information g\u00e9n\u00e9rale sur les fascias: vid\u00e9os - Bertrand FAUR","og_description":"\u00b7\u00a0\u00a0\u00a0\u00a0\u00a0\u00a0\u00a0\u00a0 Vid\u00e9o scientifique pass\u00e9 sur la cha\u00eene Arte janvier 2018: Gros plan sur notre tissu fascial, qui entoure \u00e0 la mani\u00e8re d&rsquo;un bandage \u00e0 la fois dense et irr\u00e9gulier les \u00e9l\u00e9ments composant notre corps : nos organes, nos nerfs, nos art\u00e8res, nos veines, nos ligaments,\u00a0nos \u00a0muscles, nos os. Cet organe m\u00e9connu et vital suscite parmi [&hellip;]","og_url":"https:\/\/faur.pro\/index.php\/information-generale-sur-les-fascias-videos\/","og_site_name":"Bertrand FAUR","article_modified_time":"2021-10-07T05:50:34+00:00","twitter_card":"summary_large_image","schema":{"@context":"https:\/\/schema.org","@graph":[{"@type":["WebPage","MedicalWebPage"],"@id":"https:\/\/faur.pro\/index.php\/information-generale-sur-les-fascias-videos\/","url":"https:\/\/faur.pro\/index.php\/information-generale-sur-les-fascias-videos\/","name":"Information g\u00e9n\u00e9rale sur les fascias: vid\u00e9os - Bertrand FAUR","isPartOf":{"@id":"https:\/\/faur.pro\/#website"},"datePublished":"2021-10-07T05:50:32+00:00","dateModified":"2021-10-07T05:50:34+00:00","breadcrumb":{"@id":"https:\/\/faur.pro\/index.php\/information-generale-sur-les-fascias-videos\/#breadcrumb"},"inLanguage":"fr-FR","potentialAction":[{"@type":"ReadAction","target":["https:\/\/faur.pro\/index.php\/information-generale-sur-les-fascias-videos\/"]}]},{"@type":"BreadcrumbList","@id":"https:\/\/faur.pro\/index.php\/information-generale-sur-les-fascias-videos\/#breadcrumb","itemListElement":[{"@type":"ListItem","position":1,"name":"Accueil","item":"https:\/\/faur.pro\/"},{"@type":"ListItem","position":2,"name":"Information g\u00e9n\u00e9rale sur les fascias: vid\u00e9os"}]},{"@type":"WebSite","@id":"https:\/\/faur.pro\/#website","url":"https:\/\/faur.pro\/","name":"Bertrand FAUR","description":"Fasciath\u00e9rapie (Fascial Counterstrain\u00a9) &amp; Conseiller Sant\u00e9","potentialAction":[{"@type":"SearchAction","target":{"@type":"EntryPoint","urlTemplate":"https:\/\/faur.pro\/?s={search_term_string}"},"query-input":{"@type":"PropertyValueSpecification","valueRequired":true,"valueName":"search_term_string"}}],"inLanguage":"fr-FR"}]}},"jetpack_shortlink":"https:\/\/wp.me\/P9rKnb-5F","jetpack_sharing_enabled":true,"_links":{"self":[{"href":"https:\/\/faur.pro\/index.php\/wp-json\/wp\/v2\/pages\/351","targetHints":{"allow":["GET"]}}],"collection":[{"href":"https:\/\/faur.pro\/index.php\/wp-json\/wp\/v2\/pages"}],"about":[{"href":"https:\/\/faur.pro\/index.php\/wp-json\/wp\/v2\/types\/page"}],"author":[{"embeddable":true,"href":"https:\/\/faur.pro\/index.php\/wp-json\/wp\/v2\/users\/1"}],"replies":[{"embeddable":true,"href":"https:\/\/faur.pro\/index.php\/wp-json\/wp\/v2\/comments?post=351"}],"version-history":[{"count":0,"href":"https:\/\/faur.pro\/index.php\/wp-json\/wp\/v2\/pages\/351\/revisions"}],"wp:attachment":[{"href":"https:\/\/faur.pro\/index.php\/wp-json\/wp\/v2\/media?parent=351"}],"curies":[{"name":"wp","href":"https:\/\/api.w.org\/{rel}","templated":true}]}}